{"id":24192,"date":"2020-07-20T16:35:20","date_gmt":"2020-07-20T21:35:20","guid":{"rendered":"http:\/\/thefailureinstitute.com\/?page_id=24192"},"modified":"2020-09-15T11:44:48","modified_gmt":"2020-09-15T16:44:48","slug":"recomendaciones-politica-publica-fracaso-emprendedor","status":"publish","type":"page","link":"https:\/\/thefailureinstitute.com\/es\/reports\/recomendaciones-politica-publica-fracaso-emprendedor\/","title":{"rendered":"Recomendaciones de pol\u00edtica p\u00fablica a la luz del fracaso emprendedor"},"content":{"rendered":"<div data-elementor-type=\"wp-page\" data-elementor-id=\"24192\" class=\"elementor elementor-24192\">\n\t\t\t\t\t\t<section class=\"elementor-section elementor-top-section elementor-element elementor-element-16f14cd elementor-section-boxed elementor-section-height-default elementor-section-height-default\" data-id=\"16f14cd\" data-element_type=\"section\">\n\t\t\t\t\t\t<div class=\"elementor-container elementor-column-gap-default\">\n\t\t\t\t\t<div class=\"elementor-column elementor-col-100 elementor-top-column elementor-element elementor-element-94e75d1\" data-id=\"94e75d1\" data-element_type=\"column\">\n\t\t\t<div class=\"elementor-widget-wrap\">\n\t\t\t\t\t\t\t<\/div>\n\t\t<\/div>\n\t\t\t\t\t<\/div>\n\t\t<\/section>\n\t\t\t\t<section class=\"elementor-section elementor-top-section elementor-element elementor-element-a620eaa elementor-section-boxed elementor-section-height-default elementor-section-height-default\" data-id=\"a620eaa\" data-element_type=\"section\">\n\t\t\t\t\t\t<div class=\"elementor-container elementor-column-gap-default\">\n\t\t\t\t\t<div class=\"elementor-column elementor-col-100 elementor-top-column elementor-element elementor-element-8ef9173\" data-id=\"8ef9173\" data-element_type=\"column\">\n\t\t\t<div class=\"elementor-widget-wrap elementor-element-populated\">\n\t\t\t\t\t\t<div class=\"elementor-element elementor-element-379a601 elementor-align-center elementor-mobile-align-center elementor-widget elementor-widget-button\" data-id=\"379a601\" data-element_type=\"widget\" data-widget_type=\"button.default\">\n\t\t\t\t<div class=\"elementor-widget-container\">\n\t\t\t\t\t\t\t\t\t<div class=\"elementor-button-wrapper\">\n\t\t\t\t\t<a class=\"elementor-button elementor-button-link elementor-size-md\" href=\"https:\/\/thefailureinstitute.com\/wp-content\/uploads\/2020\/07\/PP-Fracaso-Emprendedor.pdf\" target=\"_blank\">\n\t\t\t\t\t\t<span class=\"elementor-button-content-wrapper\">\n\t\t\t\t\t\t\t\t\t<span class=\"elementor-button-text\">Descarga el reporte completo<\/span>\n\t\t\t\t\t<\/span>\n\t\t\t\t\t<\/a>\n\t\t\t\t<\/div>\n\t\t\t\t\t\t\t\t<\/div>\n\t\t\t\t<\/div>\n\t\t\t\t\t<\/div>\n\t\t<\/div>\n\t\t\t\t\t<\/div>\n\t\t<\/section>\n\t\t\t\t<\/div>","protected":false},"excerpt":{"rendered":"<p>En el mundo, los escritorios de los hacedores de pol\u00edtica p\u00fablica est\u00e1n llenos de documentos con recomendaciones para impulsar el desarrollo social y econ\u00f3mico. Entonces, \u00bfpor qu\u00e9 en el Failure Institute decidimos emitir un documento m\u00e1s? La respuesta es muy simple: porque nunca se hab\u00eda realizado este ejercicio desde la \u00f3ptica de los negocios que [&hellip;]<\/p>","protected":false},"author":270,"featured_media":24200,"parent":22021,"menu_order":0,"comment_status":"closed","ping_status":"closed","template":"","meta":{"footnotes":""},"class_list":["post-24192","page","type-page","status-publish","has-post-thumbnail","hentry"],"yoast_head":"<!-- This site is optimized with the Yoast SEO plugin v25.9 - https:\/\/yoast.com\/wordpress\/plugins\/seo\/ -->\n<title>Recomendaciones de pol\u00edtica p\u00fablica a la luz del fracaso emprendedor - The Failure Institute<\/title>\n<meta name=\"robots\" content=\"index, follow, max-snippet:-1, max-image-preview:large, max-video-preview:-1\" \/>\n<link rel=\"canonical\" href=\"https:\/\/thefailureinstitute.com\/es\/reports\/recomendaciones-politica-publica-fracaso-emprendedor\/\" \/>\n<meta property=\"og:locale\" content=\"es_ES\" \/>\n<meta property=\"og:type\" content=\"article\" \/>\n<meta property=\"og:title\" content=\"Recomendaciones de pol\u00edtica p\u00fablica a la luz del fracaso emprendedor - The Failure Institute\" \/>\n<meta property=\"og:description\" content=\"En el mundo, los escritorios de los hacedores de pol\u00edtica p\u00fablica est\u00e1n llenos de documentos con recomendaciones para impulsar el desarrollo social y econ\u00f3mico. Entonces, \u00bfpor qu\u00e9 en el Failure Institute decidimos emitir un documento m\u00e1s? La respuesta es muy simple: porque nunca se hab\u00eda realizado este ejercicio desde la \u00f3ptica de los negocios que [&hellip;]\" \/>\n<meta property=\"og:url\" content=\"https:\/\/thefailureinstitute.com\/es\/reports\/recomendaciones-politica-publica-fracaso-emprendedor\/\" \/>\n<meta property=\"og:site_name\" content=\"The Failure Institute\" \/>\n<meta property=\"article:modified_time\" content=\"2020-09-15T16:44:48+00:00\" \/>\n<meta property=\"og:image\" content=\"https:\/\/thefailureinstitute.com\/wp-content\/uploads\/2020\/07\/Report-spanol.jpg\" \/>\n\t<meta property=\"og:image:width\" content=\"1142\" \/>\n\t<meta property=\"og:image:height\" content=\"599\" \/>\n\t<meta property=\"og:image:type\" content=\"image\/jpeg\" \/>\n<meta name=\"twitter:card\" content=\"summary_large_image\" \/>\n<meta name=\"twitter:label1\" content=\"Est. reading time\" \/>\n\t<meta name=\"twitter:data1\" content=\"2 minutes\" \/>\n<script type=\"application\/ld+json\" class=\"yoast-schema-graph\">{\"@context\":\"https:\/\/schema.org\",\"@graph\":[{\"@type\":\"WebPage\",\"@id\":\"https:\/\/thefailureinstitute.com\/reports\/recomendaciones-politica-publica-fracaso-emprendedor\/\",\"url\":\"https:\/\/thefailureinstitute.com\/reports\/recomendaciones-politica-publica-fracaso-emprendedor\/\",\"name\":\"Recomendaciones de pol\u00edtica p\u00fablica a la luz del fracaso emprendedor - The Failure Institute\",\"isPartOf\":{\"@id\":\"https:\/\/thefailureinstitute.com\/#website\"},\"primaryImageOfPage\":{\"@id\":\"https:\/\/thefailureinstitute.com\/reports\/recomendaciones-politica-publica-fracaso-emprendedor\/#primaryimage\"},\"image\":{\"@id\":\"https:\/\/thefailureinstitute.com\/reports\/recomendaciones-politica-publica-fracaso-emprendedor\/#primaryimage\"},\"thumbnailUrl\":\"https:\/\/thefailureinstitute.com\/wp-content\/uploads\/2020\/07\/Report-spanol.jpg\",\"datePublished\":\"2020-07-20T21:35:20+00:00\",\"dateModified\":\"2020-09-15T16:44:48+00:00\",\"breadcrumb\":{\"@id\":\"https:\/\/thefailureinstitute.com\/reports\/recomendaciones-politica-publica-fracaso-emprendedor\/#breadcrumb\"},\"inLanguage\":\"es-ES\",\"potentialAction\":[{\"@type\":\"ReadAction\",\"target\":[\"https:\/\/thefailureinstitute.com\/reports\/recomendaciones-politica-publica-fracaso-emprendedor\/\"]}]},{\"@type\":\"ImageObject\",\"inLanguage\":\"es-ES\",\"@id\":\"https:\/\/thefailureinstitute.com\/reports\/recomendaciones-politica-publica-fracaso-emprendedor\/#primaryimage\",\"url\":\"https:\/\/thefailureinstitute.com\/wp-content\/uploads\/2020\/07\/Report-spanol.jpg\",\"contentUrl\":\"https:\/\/thefailureinstitute.com\/wp-content\/uploads\/2020\/07\/Report-spanol.jpg\",\"width\":1142,\"height\":599},{\"@type\":\"BreadcrumbList\",\"@id\":\"https:\/\/thefailureinstitute.com\/reports\/recomendaciones-politica-publica-fracaso-emprendedor\/#breadcrumb\",\"itemListElement\":[{\"@type\":\"ListItem\",\"position\":1,\"name\":\"Home\",\"item\":\"https:\/\/thefailureinstitute.com\/\"},{\"@type\":\"ListItem\",\"position\":2,\"name\":\"Reports\",\"item\":\"https:\/\/thefailureinstitute.com\/reports\/\"},{\"@type\":\"ListItem\",\"position\":3,\"name\":\"Recomendaciones de pol\u00edtica p\u00fablica a la luz del fracaso emprendedor\"}]},{\"@type\":\"WebSite\",\"@id\":\"https:\/\/thefailureinstitute.com\/#website\",\"url\":\"https:\/\/thefailureinstitute.com\/\",\"name\":\"The Failure Institute\",\"description\":\"We help companies drive culture shift and learn from failure\",\"potentialAction\":[{\"@type\":\"SearchAction\",\"target\":{\"@type\":\"EntryPoint\",\"urlTemplate\":\"https:\/\/thefailureinstitute.com\/?s={search_term_string}\"},\"query-input\":{\"@type\":\"PropertyValueSpecification\",\"valueRequired\":true,\"valueName\":\"search_term_string\"}}],\"inLanguage\":\"es-ES\"}]}<\/script>\n<!-- \/ Yoast SEO plugin. -->","yoast_head_json":{"title":"Recomendaciones de pol\u00edtica p\u00fablica a la luz del fracaso emprendedor - The Failure Institute","robots":{"index":"index","follow":"follow","max-snippet":"max-snippet:-1","max-image-preview":"max-image-preview:large","max-video-preview":"max-video-preview:-1"},"canonical":"https:\/\/thefailureinstitute.com\/es\/reports\/recomendaciones-politica-publica-fracaso-emprendedor\/","og_locale":"es_ES","og_type":"article","og_title":"Recomendaciones de pol\u00edtica p\u00fablica a la luz del fracaso emprendedor - The Failure Institute","og_description":"En el mundo, los escritorios de los hacedores de pol\u00edtica p\u00fablica est\u00e1n llenos de documentos con recomendaciones para impulsar el desarrollo social y econ\u00f3mico. Entonces, \u00bfpor qu\u00e9 en el Failure Institute decidimos emitir un documento m\u00e1s? La respuesta es muy simple: porque nunca se hab\u00eda realizado este ejercicio desde la \u00f3ptica de los negocios que [&hellip;]","og_url":"https:\/\/thefailureinstitute.com\/es\/reports\/recomendaciones-politica-publica-fracaso-emprendedor\/","og_site_name":"The Failure Institute","article_modified_time":"2020-09-15T16:44:48+00:00","og_image":[{"width":1142,"height":599,"url":"https:\/\/thefailureinstitute.com\/wp-content\/uploads\/2020\/07\/Report-spanol.jpg","type":"image\/jpeg"}],"twitter_card":"summary_large_image","twitter_misc":{"Est. reading time":"2 minutes"},"schema":{"@context":"https:\/\/schema.org","@graph":[{"@type":"WebPage","@id":"https:\/\/thefailureinstitute.com\/reports\/recomendaciones-politica-publica-fracaso-emprendedor\/","url":"https:\/\/thefailureinstitute.com\/reports\/recomendaciones-politica-publica-fracaso-emprendedor\/","name":"Recomendaciones de pol\u00edtica p\u00fablica a la luz del fracaso emprendedor - The Failure Institute","isPartOf":{"@id":"https:\/\/thefailureinstitute.com\/#website"},"primaryImageOfPage":{"@id":"https:\/\/thefailureinstitute.com\/reports\/recomendaciones-politica-publica-fracaso-emprendedor\/#primaryimage"},"image":{"@id":"https:\/\/thefailureinstitute.com\/reports\/recomendaciones-politica-publica-fracaso-emprendedor\/#primaryimage"},"thumbnailUrl":"https:\/\/thefailureinstitute.com\/wp-content\/uploads\/2020\/07\/Report-spanol.jpg","datePublished":"2020-07-20T21:35:20+00:00","dateModified":"2020-09-15T16:44:48+00:00","breadcrumb":{"@id":"https:\/\/thefailureinstitute.com\/reports\/recomendaciones-politica-publica-fracaso-emprendedor\/#breadcrumb"},"inLanguage":"es-ES","potentialAction":[{"@type":"ReadAction","target":["https:\/\/thefailureinstitute.com\/reports\/recomendaciones-politica-publica-fracaso-emprendedor\/"]}]},{"@type":"ImageObject","inLanguage":"es-ES","@id":"https:\/\/thefailureinstitute.com\/reports\/recomendaciones-politica-publica-fracaso-emprendedor\/#primaryimage","url":"https:\/\/thefailureinstitute.com\/wp-content\/uploads\/2020\/07\/Report-spanol.jpg","contentUrl":"https:\/\/thefailureinstitute.com\/wp-content\/uploads\/2020\/07\/Report-spanol.jpg","width":1142,"height":599},{"@type":"BreadcrumbList","@id":"https:\/\/thefailureinstitute.com\/reports\/recomendaciones-politica-publica-fracaso-emprendedor\/#breadcrumb","itemListElement":[{"@type":"ListItem","position":1,"name":"Home","item":"https:\/\/thefailureinstitute.com\/"},{"@type":"ListItem","position":2,"name":"Reports","item":"https:\/\/thefailureinstitute.com\/reports\/"},{"@type":"ListItem","position":3,"name":"Recomendaciones de pol\u00edtica p\u00fablica a la luz del fracaso emprendedor"}]},{"@type":"WebSite","@id":"https:\/\/thefailureinstitute.com\/#website","url":"https:\/\/thefailureinstitute.com\/","name":"The Failure Institute","description":"We help companies drive culture shift and learn from failure","potentialAction":[{"@type":"SearchAction","target":{"@type":"EntryPoint","urlTemplate":"https:\/\/thefailureinstitute.com\/?s={search_term_string}"},"query-input":{"@type":"PropertyValueSpecification","valueRequired":true,"valueName":"search_term_string"}}],"inLanguage":"es-ES"}]}},"_links":{"self":[{"href":"https:\/\/thefailureinstitute.com\/es\/wp-json\/wp\/v2\/pages\/24192","targetHints":{"allow":["GET"]}}],"collection":[{"href":"https:\/\/thefailureinstitute.com\/es\/wp-json\/wp\/v2\/pages"}],"about":[{"href":"https:\/\/thefailureinstitute.com\/es\/wp-json\/wp\/v2\/types\/page"}],"author":[{"embeddable":true,"href":"https:\/\/thefailureinstitute.com\/es\/wp-json\/wp\/v2\/users\/270"}],"replies":[{"embeddable":true,"href":"https:\/\/thefailureinstitute.com\/es\/wp-json\/wp\/v2\/comments?post=24192"}],"version-history":[{"count":6,"href":"https:\/\/thefailureinstitute.com\/es\/wp-json\/wp\/v2\/pages\/24192\/revisions"}],"predecessor-version":[{"id":24879,"href":"https:\/\/thefailureinstitute.com\/es\/wp-json\/wp\/v2\/pages\/24192\/revisions\/24879"}],"up":[{"embeddable":true,"href":"https:\/\/thefailureinstitute.com\/es\/wp-json\/wp\/v2\/pages\/22021"}],"wp:featuredmedia":[{"embeddable":true,"href":"https:\/\/thefailureinstitute.com\/es\/wp-json\/wp\/v2\/media\/24200"}],"wp:attachment":[{"href":"https:\/\/thefailureinstitute.com\/es\/wp-json\/wp\/v2\/media?parent=24192"}],"curies":[{"name":"wp","href":"https:\/\/api.w.org\/{rel}","templated":true}]}}