{"id":21360,"date":"2020-05-07T08:40:30","date_gmt":"2020-05-07T13:40:30","guid":{"rendered":"http:\/\/thefailureinstitute.com\/?page_id=21360"},"modified":"2024-09-04T06:53:58","modified_gmt":"2024-09-04T11:53:58","slug":"about-us","status":"publish","type":"page","link":"https:\/\/thefailureinstitute.com\/es\/about-us\/","title":{"rendered":"Acerca de nosotros"},"content":{"rendered":"<div data-elementor-type=\"wp-page\" data-elementor-id=\"21360\" class=\"elementor elementor-21360\">\n\t\t\t\t\t\t<section class=\"elementor-section elementor-top-section elementor-element elementor-element-ae6229e elementor-section-boxed elementor-section-height-default elementor-section-height-default\" data-id=\"ae6229e\" data-element_type=\"section\">\n\t\t\t\t\t\t<div class=\"elementor-container elementor-column-gap-default\">\n\t\t\t\t\t<div class=\"elementor-column elementor-col-100 elementor-top-column elementor-element elementor-element-645c70a\" data-id=\"645c70a\" data-element_type=\"column\">\n\t\t\t<div class=\"elementor-widget-wrap elementor-element-populated\">\n\t\t\t\t\t\t<div class=\"elementor-element elementor-element-ed38a1e elementor-widget elementor-widget-spacer\" data-id=\"ed38a1e\" data-element_type=\"widget\" data-widget_type=\"spacer.default\">\n\t\t\t\t<div class=\"elementor-widget-container\">\n\t\t\t\t\t\t\t<div class=\"elementor-spacer\">\n\t\t\t<div class=\"elementor-spacer-inner\"><\/div>\n\t\t<\/div>\n\t\t\t\t\t\t<\/div>\n\t\t\t\t<\/div>\n\t\t\t\t<div class=\"elementor-element elementor-element-94e754b elementor-widget elementor-widget-image\" data-id=\"94e754b\" data-element_type=\"widget\" data-widget_type=\"image.default\">\n\t\t\t\t<div class=\"elementor-widget-container\">\n\t\t\t\t\t\t\t\t\t\t\t\t\t\t\t<img fetchpriority=\"high\" decoding=\"async\" width=\"800\" height=\"413\" src=\"https:\/\/thefailureinstitute.com\/wp-content\/uploads\/2020\/05\/DigitalSubscription-main-collage-transparent-green.png\" class=\"attachment-large size-large wp-image-21384\" alt=\"\" srcset=\"https:\/\/thefailureinstitute.com\/wp-content\/uploads\/2020\/05\/DigitalSubscription-main-collage-transparent-green.png 800w, https:\/\/thefailureinstitute.com\/wp-content\/uploads\/2020\/05\/DigitalSubscription-main-collage-transparent-green-300x155.png 300w, https:\/\/thefailureinstitute.com\/wp-content\/uploads\/2020\/05\/DigitalSubscription-main-collage-transparent-green-768x396.png 768w, https:\/\/thefailureinstitute.com\/wp-content\/uploads\/2020\/05\/DigitalSubscription-main-collage-transparent-green-610x315.png 610w\" sizes=\"(max-width: 800px) 100vw, 800px\" \/>\t\t\t\t\t\t\t\t\t\t\t\t\t\t\t<\/div>\n\t\t\t\t<\/div>\n\t\t\t\t\t<\/div>\n\t\t<\/div>\n\t\t\t\t\t<\/div>\n\t\t<\/section>\n\t\t\t\t<section class=\"elementor-section elementor-top-section elementor-element elementor-element-1281dcd elementor-section-boxed elementor-section-height-default elementor-section-height-default\" data-id=\"1281dcd\" data-element_type=\"section\">\n\t\t\t\t\t\t<div class=\"elementor-container elementor-column-gap-default\">\n\t\t\t\t\t<div class=\"elementor-column elementor-col-100 elementor-top-column elementor-element elementor-element-be91087\" data-id=\"be91087\" data-element_type=\"column\">\n\t\t\t<div class=\"elementor-widget-wrap elementor-element-populated\">\n\t\t\t\t\t\t<div class=\"elementor-element elementor-element-e740604 elementor-widget elementor-widget-spacer\" data-id=\"e740604\" data-element_type=\"widget\" data-widget_type=\"spacer.default\">\n\t\t\t\t<div class=\"elementor-widget-container\">\n\t\t\t\t\t\t\t<div class=\"elementor-spacer\">\n\t\t\t<div class=\"elementor-spacer-inner\"><\/div>\n\t\t<\/div>\n\t\t\t\t\t\t<\/div>\n\t\t\t\t<\/div>\n\t\t\t\t<div class=\"elementor-element elementor-element-5b9bb7e elementor-widget elementor-widget-heading\" data-id=\"5b9bb7e\" data-element_type=\"widget\" data-widget_type=\"heading.default\">\n\t\t\t\t<div class=\"elementor-widget-container\">\n\t\t\t\t\t<h1 class=\"elementor-heading-title elementor-size-default\">Acerca de nosotros<\/h1>\t\t\t\t<\/div>\n\t\t\t\t<\/div>\n\t\t\t\t<div class=\"elementor-element elementor-element-81f9877 elementor-widget elementor-widget-spacer\" data-id=\"81f9877\" data-element_type=\"widget\" data-widget_type=\"spacer.default\">\n\t\t\t\t<div class=\"elementor-widget-container\">\n\t\t\t\t\t\t\t<div class=\"elementor-spacer\">\n\t\t\t<div class=\"elementor-spacer-inner\"><\/div>\n\t\t<\/div>\n\t\t\t\t\t\t<\/div>\n\t\t\t\t<\/div>\n\t\t\t\t\t<\/div>\n\t\t<\/div>\n\t\t\t\t\t<\/div>\n\t\t<\/section>\n\t\t\t\t<section class=\"elementor-section elementor-top-section elementor-element elementor-element-532be9b elementor-section-boxed elementor-section-height-default elementor-section-height-default\" data-id=\"532be9b\" data-element_type=\"section\">\n\t\t\t\t\t\t<div class=\"elementor-container elementor-column-gap-default\">\n\t\t\t\t\t<div class=\"elementor-column elementor-col-50 elementor-top-column elementor-element elementor-element-fcc47e5\" data-id=\"fcc47e5\" data-element_type=\"column\">\n\t\t\t<div class=\"elementor-widget-wrap elementor-element-populated\">\n\t\t\t\t\t\t<div class=\"elementor-element elementor-element-90e9a5e elementor-widget elementor-widget-text-editor\" data-id=\"90e9a5e\" data-element_type=\"widget\" data-widget_type=\"text-editor.default\">\n\t\t\t\t<div class=\"elementor-widget-container\">\n\t\t\t\t\t\t\t\t\t<p><span style=\"font-weight: 400;\">Es 2012 en la Ciudad de M\u00e9xico. Con un poco de ayuda del mezcal, cinco amigos encuentran el coraje para compartir sus mayores fracasos. Esto resulta en una conversaci\u00f3n que cambia sus vidas y deciden convertirla en una serie de eventos mensuales.\u00a0<\/span><\/p><p><span style=\"font-weight: 400;\">Hoy <a href=\"http:\/\/fuckupnights.com\/es\">Fuckup Nights<\/a> es un movimiento global con cap\u00edtulos activos en m\u00e1s de 300 ciudades y 90 pa\u00edses. Resulta que todes necesitamos desesperadamente  liberarnos  del estigma del fracaso.\u00a0<\/span><\/p>\t\t\t\t\t\t\t\t<\/div>\n\t\t\t\t<\/div>\n\t\t\t\t\t<\/div>\n\t\t<\/div>\n\t\t\t\t<div class=\"elementor-column elementor-col-50 elementor-top-column elementor-element elementor-element-c59e7ad\" data-id=\"c59e7ad\" data-element_type=\"column\">\n\t\t\t<div class=\"elementor-widget-wrap elementor-element-populated\">\n\t\t\t\t\t\t<div class=\"elementor-element elementor-element-74debeb elementor-widget elementor-widget-video\" data-id=\"74debeb\" data-element_type=\"widget\" data-settings=\"{&quot;video_type&quot;:&quot;vimeo&quot;}\" data-widget_type=\"video.default\">\n\t\t\t\t<div class=\"elementor-widget-container\">\n\t\t\t\t\t\t\t<div class=\"elementor-wrapper elementor-open-inline\">\n\t\t\t<iframe class=\"elementor-video-iframe\" allowfullscreen allow=\"clipboard-write\" title=\"vimeo Video Player\" src=\"https:\/\/player.vimeo.com\/video\/483746569?color&amp;autopause=0&amp;loop=0&amp;muted=0&amp;title=1&amp;portrait=1&amp;byline=1#t=\"><\/iframe>\t\t<\/div>\n\t\t\t\t\t\t<\/div>\n\t\t\t\t<\/div>\n\t\t\t\t\t<\/div>\n\t\t<\/div>\n\t\t\t\t\t<\/div>\n\t\t<\/section>\n\t\t\t\t<section class=\"elementor-section elementor-top-section elementor-element elementor-element-01d87cb elementor-section-boxed elementor-section-height-default elementor-section-height-default\" data-id=\"01d87cb\" data-element_type=\"section\">\n\t\t\t\t\t\t<div class=\"elementor-container elementor-column-gap-default\">\n\t\t\t\t\t<div class=\"elementor-column elementor-col-100 elementor-top-column elementor-element elementor-element-ddf181b\" data-id=\"ddf181b\" data-element_type=\"column\">\n\t\t\t<div class=\"elementor-widget-wrap elementor-element-populated\">\n\t\t\t\t\t\t<div class=\"elementor-element elementor-element-90558e9 elementor-widget elementor-widget-text-editor\" data-id=\"90558e9\" data-element_type=\"widget\" data-widget_type=\"text-editor.default\">\n\t\t\t\t<div class=\"elementor-widget-container\">\n\t\t\t\t\t\t\t\t\t<p>Ahora, gracias a las lecciones que hemos aprendido de m\u00e1s de un mill\u00f3n de participantes de Fuckup Nights, hemos creado el Instituto del Fracaso (o The Failure Institute), una empresa social que ayuda a liberarnos de los paradigmas que limitan nuestras vidas.\u00a0<\/p><p><span style=\"font-weight: 400;\">Creamos experiencias en vivo (seminarios web, talleres, conferencias) y contenido (entrevistas, historias de fracaso, informes) orientado a personas y empresas de todo el mundo para ayudarles a ser m\u00e1s aut\u00e9nticas tanto en el trabajo como en el hogar.\u00a0<\/span><\/p><p><span style=\"font-weight: 400;\">\u00a1Bienvenides! Estamos encantades de tenerte aqu\u00ed.<\/span><\/p>\t\t\t\t\t\t\t\t<\/div>\n\t\t\t\t<\/div>\n\t\t\t\t\t<\/div>\n\t\t<\/div>\n\t\t\t\t\t<\/div>\n\t\t<\/section>\n\t\t\t\t<section class=\"elementor-section elementor-top-section elementor-element elementor-element-9af1c52 elementor-section-stretched elementor-section-boxed elementor-section-height-default elementor-section-height-default\" data-id=\"9af1c52\" data-element_type=\"section\" data-settings=\"{&quot;stretch_section&quot;:&quot;section-stretched&quot;,&quot;background_background&quot;:&quot;classic&quot;,&quot;shape_divider_top&quot;:&quot;curve&quot;}\">\n\t\t\t\t\t\t\t<div class=\"elementor-background-overlay\"><\/div>\n\t\t\t\t\t\t<div class=\"elementor-shape elementor-shape-top\" data-negative=\"false\">\n\t\t\t<svg xmlns=\"http:\/\/www.w3.org\/2000\/svg\" viewbox=\"0 0 1000 100\" preserveaspectratio=\"none\">\n    <path class=\"elementor-shape-fill\" d=\"M1000,4.3V0H0v4.3C0.9,23.1,126.7,99.2,500,100S1000,22.7,1000,4.3z\"\/>\n<\/svg>\t\t<\/div>\n\t\t\t\t\t<div class=\"elementor-container elementor-column-gap-default\">\n\t\t\t\t\t<div class=\"elementor-column elementor-col-50 elementor-top-column elementor-element elementor-element-7f940ec\" data-id=\"7f940ec\" data-element_type=\"column\">\n\t\t\t<div class=\"elementor-widget-wrap elementor-element-populated\">\n\t\t\t\t\t\t<div class=\"elementor-element elementor-element-1f00498 eael-infobox-content-align--center eael-infobox-shape-square eael-infobox-hover-img-shape-square elementor-widget elementor-widget-eael-info-box\" data-id=\"1f00498\" data-element_type=\"widget\" data-settings=\"{&quot;_animation&quot;:&quot;none&quot;}\" data-widget_type=\"eael-info-box.default\">\n\t\t\t\t<div class=\"elementor-widget-container\">\n\t\t\t\t\t        <div class=\"eael-infobox\">\n\t            <div class=\"infobox-icon elementor-animation-grow\">\n\n                            <img decoding=\"async\" src=\"https:\/\/thefailureinstitute.com\/wp-content\/uploads\/2019\/11\/FI-Home-300x257.png\" alt=\"Failure Institute Home\">\n            \n            \n            \n        <\/div>\n            <div class=\"infobox-content\">\n                    <div class=\"infobox-title-section\">\n                <h2 class=\"title\">Servicios Corporativos<\/h2>            <\/div>\n            <div><p>Dise\u00f1amos eventos para organizaciones para impulsar un cambio cultural en torno al fracaso, desarrollar l\u00edderes vulnerables y construir espacios seguros para mejorar la productividad y la innovaci\u00f3n.<\/p><\/div>        <div class=\"infobox-button\">\n            <a class=\"eael-infobox-button\" href=\"https:\/\/thefailureinstitute.com\/es\/services\/\">\n                                <span class=\"infobox-button-text\">Conoce m\u00e1s<\/span>\n                            <\/a>\n        <\/div>\n            <\/div>\n            <\/div>\n\n\t\t\t\t\t\t<\/div>\n\t\t\t\t<\/div>\n\t\t\t\t<div class=\"elementor-element elementor-element-5bbcd27 elementor-widget elementor-widget-spacer\" data-id=\"5bbcd27\" data-element_type=\"widget\" data-widget_type=\"spacer.default\">\n\t\t\t\t<div class=\"elementor-widget-container\">\n\t\t\t\t\t\t\t<div class=\"elementor-spacer\">\n\t\t\t<div class=\"elementor-spacer-inner\"><\/div>\n\t\t<\/div>\n\t\t\t\t\t\t<\/div>\n\t\t\t\t<\/div>\n\t\t\t\t\t<\/div>\n\t\t<\/div>\n\t\t\t\t<div class=\"elementor-column elementor-col-50 elementor-top-column elementor-element elementor-element-d0122a9\" data-id=\"d0122a9\" data-element_type=\"column\">\n\t\t\t<div class=\"elementor-widget-wrap elementor-element-populated\">\n\t\t\t\t\t\t<div class=\"elementor-element elementor-element-e9d64c5 eael-infobox-content-align--center eael-infobox-shape-square eael-infobox-hover-img-shape-square elementor-widget elementor-widget-eael-info-box\" data-id=\"e9d64c5\" data-element_type=\"widget\" data-settings=\"{&quot;_animation&quot;:&quot;none&quot;}\" data-widget_type=\"eael-info-box.default\">\n\t\t\t\t<div class=\"elementor-widget-container\">\n\t\t\t\t\t        <div class=\"eael-infobox\">\n\t            <div class=\"infobox-icon elementor-animation-grow\">\n\n                            <img decoding=\"async\" src=\"https:\/\/thefailureinstitute.com\/wp-content\/uploads\/2020\/04\/collage_green-300x230.png\" alt=\"\">\n            \n            \n            \n        <\/div>\n            <div class=\"infobox-content\">\n                    <div class=\"infobox-title-section\">\n                <h2 class=\"title\">Fuckup Nights<\/h2>            <\/div>\n            <div><p>Fuckup Nights es una serie de eventos mundiales que comparte historias de fracaso profesional. En cada evento, tres oradores se paran en una habitaci\u00f3n llena de extra\u00f1os para compartir sus mayores fuck ups.<\/p><\/div>        <div class=\"infobox-button\">\n            <a class=\"eael-infobox-button\" href=\"http:\/\/www.fuckupnights.com\" target=\"_blank\">\n                                <span class=\"infobox-button-text\">Conoce m\u00e1s<\/span>\n                            <\/a>\n        <\/div>\n            <\/div>\n            <\/div>\n\n\t\t\t\t\t\t<\/div>\n\t\t\t\t<\/div>\n\t\t\t\t<div class=\"elementor-element elementor-element-58d6ebd elementor-widget elementor-widget-spacer\" data-id=\"58d6ebd\" data-element_type=\"widget\" data-widget_type=\"spacer.default\">\n\t\t\t\t<div class=\"elementor-widget-container\">\n\t\t\t\t\t\t\t<div class=\"elementor-spacer\">\n\t\t\t<div class=\"elementor-spacer-inner\"><\/div>\n\t\t<\/div>\n\t\t\t\t\t\t<\/div>\n\t\t\t\t<\/div>\n\t\t\t\t\t<\/div>\n\t\t<\/div>\n\t\t\t\t\t<\/div>\n\t\t<\/section>\n\t\t\t\t<section class=\"elementor-section elementor-top-section elementor-element elementor-element-c1ed1c6 elementor-section-boxed elementor-section-height-default elementor-section-height-default\" data-id=\"c1ed1c6\" data-element_type=\"section\">\n\t\t\t\t\t\t<div class=\"elementor-container elementor-column-gap-default\">\n\t\t\t\t\t<div class=\"elementor-column elementor-col-100 elementor-top-column elementor-element elementor-element-fe6edd0\" data-id=\"fe6edd0\" data-element_type=\"column\">\n\t\t\t<div class=\"elementor-widget-wrap elementor-element-populated\">\n\t\t\t\t\t\t<div class=\"elementor-element elementor-element-916e5d5 elementor-widget elementor-widget-spacer\" data-id=\"916e5d5\" data-element_type=\"widget\" data-widget_type=\"spacer.default\">\n\t\t\t\t<div class=\"elementor-widget-container\">\n\t\t\t\t\t\t\t<div class=\"elementor-spacer\">\n\t\t\t<div class=\"elementor-spacer-inner\"><\/div>\n\t\t<\/div>\n\t\t\t\t\t\t<\/div>\n\t\t\t\t<\/div>\n\t\t\t\t<div class=\"elementor-element elementor-element-8b2fdfe elementor-widget elementor-widget-spacer\" data-id=\"8b2fdfe\" data-element_type=\"widget\" data-widget_type=\"spacer.default\">\n\t\t\t\t<div class=\"elementor-widget-container\">\n\t\t\t\t\t\t\t<div class=\"elementor-spacer\">\n\t\t\t<div class=\"elementor-spacer-inner\"><\/div>\n\t\t<\/div>\n\t\t\t\t\t\t<\/div>\n\t\t\t\t<\/div>\n\t\t\t\t<div class=\"elementor-element elementor-element-31151f8 elementor-widget elementor-widget-spacer\" data-id=\"31151f8\" data-element_type=\"widget\" data-widget_type=\"spacer.default\">\n\t\t\t\t<div class=\"elementor-widget-container\">\n\t\t\t\t\t\t\t<div class=\"elementor-spacer\">\n\t\t\t<div class=\"elementor-spacer-inner\"><\/div>\n\t\t<\/div>\n\t\t\t\t\t\t<\/div>\n\t\t\t\t<\/div>\n\t\t\t\t\t<\/div>\n\t\t<\/div>\n\t\t\t\t\t<\/div>\n\t\t<\/section>\n\t\t\t\t<\/div>","protected":false},"excerpt":{"rendered":"<p>About Us It\u2019s 2012 in Mexico City. With a little help from mezcal, five friends find the courage to share their biggest failures. This turns out to be such a life-changing conversation that they decide to turn it into a monthly event series.\u00a0 Fast forward to today and Fuckup Nights is now a global movement [&hellip;]<\/p>","protected":false},"author":4,"featured_media":16161,"parent":0,"menu_order":0,"comment_status":"closed","ping_status":"closed","template":"","meta":{"footnotes":""},"class_list":["post-21360","page","type-page","status-publish","has-post-thumbnail","hentry"],"yoast_head":"<!-- This site is optimized with the Yoast SEO plugin v25.9 - https:\/\/yoast.com\/wordpress\/plugins\/seo\/ -->\n<title>About Us - The Failure Institute<\/title>\n<meta name=\"robots\" content=\"index, follow, max-snippet:-1, max-image-preview:large, max-video-preview:-1\" \/>\n<link rel=\"canonical\" href=\"https:\/\/thefailureinstitute.com\/es\/about-us\/\" \/>\n<meta property=\"og:locale\" content=\"es_ES\" \/>\n<meta property=\"og:type\" content=\"article\" \/>\n<meta property=\"og:title\" content=\"About Us - The Failure Institute\" \/>\n<meta property=\"og:description\" content=\"About Us It\u2019s 2012 in Mexico City. With a little help from mezcal, five friends find the courage to share their biggest failures. This turns out to be such a life-changing conversation that they decide to turn it into a monthly event series.\u00a0 Fast forward to today and Fuckup Nights is now a global movement [&hellip;]\" \/>\n<meta property=\"og:url\" content=\"https:\/\/thefailureinstitute.com\/es\/about-us\/\" \/>\n<meta property=\"og:site_name\" content=\"The Failure Institute\" \/>\n<meta property=\"article:modified_time\" content=\"2024-09-04T11:53:58+00:00\" \/>\n<meta property=\"og:image\" content=\"http:\/\/thefailureinstitute.com\/wp-content\/uploads\/2019\/11\/FI-Home.png\" \/>\n\t<meta property=\"og:image:width\" content=\"400\" \/>\n\t<meta property=\"og:image:height\" content=\"342\" \/>\n\t<meta property=\"og:image:type\" content=\"image\/png\" \/>\n<meta name=\"twitter:card\" content=\"summary_large_image\" \/>\n<meta name=\"twitter:label1\" content=\"Est. reading time\" \/>\n\t<meta name=\"twitter:data1\" content=\"2 minutes\" \/>\n<script type=\"application\/ld+json\" class=\"yoast-schema-graph\">{\"@context\":\"https:\/\/schema.org\",\"@graph\":[{\"@type\":\"WebPage\",\"@id\":\"https:\/\/thefailureinstitute.com\/about-us\/\",\"url\":\"https:\/\/thefailureinstitute.com\/about-us\/\",\"name\":\"About Us - The Failure Institute\",\"isPartOf\":{\"@id\":\"https:\/\/thefailureinstitute.com\/#website\"},\"primaryImageOfPage\":{\"@id\":\"https:\/\/thefailureinstitute.com\/about-us\/#primaryimage\"},\"image\":{\"@id\":\"https:\/\/thefailureinstitute.com\/about-us\/#primaryimage\"},\"thumbnailUrl\":\"https:\/\/thefailureinstitute.com\/wp-content\/uploads\/2019\/11\/FI-Home.png\",\"datePublished\":\"2020-05-07T13:40:30+00:00\",\"dateModified\":\"2024-09-04T11:53:58+00:00\",\"breadcrumb\":{\"@id\":\"https:\/\/thefailureinstitute.com\/about-us\/#breadcrumb\"},\"inLanguage\":\"es-ES\",\"potentialAction\":[{\"@type\":\"ReadAction\",\"target\":[\"https:\/\/thefailureinstitute.com\/about-us\/\"]}]},{\"@type\":\"ImageObject\",\"inLanguage\":\"es-ES\",\"@id\":\"https:\/\/thefailureinstitute.com\/about-us\/#primaryimage\",\"url\":\"https:\/\/thefailureinstitute.com\/wp-content\/uploads\/2019\/11\/FI-Home.png\",\"contentUrl\":\"https:\/\/thefailureinstitute.com\/wp-content\/uploads\/2019\/11\/FI-Home.png\",\"width\":400,\"height\":342,\"caption\":\"Failure Institute Home\"},{\"@type\":\"BreadcrumbList\",\"@id\":\"https:\/\/thefailureinstitute.com\/about-us\/#breadcrumb\",\"itemListElement\":[{\"@type\":\"ListItem\",\"position\":1,\"name\":\"Home\",\"item\":\"https:\/\/thefailureinstitute.com\/\"},{\"@type\":\"ListItem\",\"position\":2,\"name\":\"About Us\"}]},{\"@type\":\"WebSite\",\"@id\":\"https:\/\/thefailureinstitute.com\/#website\",\"url\":\"https:\/\/thefailureinstitute.com\/\",\"name\":\"The Failure Institute\",\"description\":\"We help companies drive culture shift and learn from failure\",\"potentialAction\":[{\"@type\":\"SearchAction\",\"target\":{\"@type\":\"EntryPoint\",\"urlTemplate\":\"https:\/\/thefailureinstitute.com\/?s={search_term_string}\"},\"query-input\":{\"@type\":\"PropertyValueSpecification\",\"valueRequired\":true,\"valueName\":\"search_term_string\"}}],\"inLanguage\":\"es-ES\"}]}<\/script>\n<!-- \/ Yoast SEO plugin. -->","yoast_head_json":{"title":"About Us - The Failure Institute","robots":{"index":"index","follow":"follow","max-snippet":"max-snippet:-1","max-image-preview":"max-image-preview:large","max-video-preview":"max-video-preview:-1"},"canonical":"https:\/\/thefailureinstitute.com\/es\/about-us\/","og_locale":"es_ES","og_type":"article","og_title":"About Us - The Failure Institute","og_description":"About Us It\u2019s 2012 in Mexico City. With a little help from mezcal, five friends find the courage to share their biggest failures. This turns out to be such a life-changing conversation that they decide to turn it into a monthly event series.\u00a0 Fast forward to today and Fuckup Nights is now a global movement [&hellip;]","og_url":"https:\/\/thefailureinstitute.com\/es\/about-us\/","og_site_name":"The Failure Institute","article_modified_time":"2024-09-04T11:53:58+00:00","og_image":[{"width":400,"height":342,"url":"http:\/\/thefailureinstitute.com\/wp-content\/uploads\/2019\/11\/FI-Home.png","type":"image\/png"}],"twitter_card":"summary_large_image","twitter_misc":{"Est. reading time":"2 minutes"},"schema":{"@context":"https:\/\/schema.org","@graph":[{"@type":"WebPage","@id":"https:\/\/thefailureinstitute.com\/about-us\/","url":"https:\/\/thefailureinstitute.com\/about-us\/","name":"About Us - The Failure Institute","isPartOf":{"@id":"https:\/\/thefailureinstitute.com\/#website"},"primaryImageOfPage":{"@id":"https:\/\/thefailureinstitute.com\/about-us\/#primaryimage"},"image":{"@id":"https:\/\/thefailureinstitute.com\/about-us\/#primaryimage"},"thumbnailUrl":"https:\/\/thefailureinstitute.com\/wp-content\/uploads\/2019\/11\/FI-Home.png","datePublished":"2020-05-07T13:40:30+00:00","dateModified":"2024-09-04T11:53:58+00:00","breadcrumb":{"@id":"https:\/\/thefailureinstitute.com\/about-us\/#breadcrumb"},"inLanguage":"es-ES","potentialAction":[{"@type":"ReadAction","target":["https:\/\/thefailureinstitute.com\/about-us\/"]}]},{"@type":"ImageObject","inLanguage":"es-ES","@id":"https:\/\/thefailureinstitute.com\/about-us\/#primaryimage","url":"https:\/\/thefailureinstitute.com\/wp-content\/uploads\/2019\/11\/FI-Home.png","contentUrl":"https:\/\/thefailureinstitute.com\/wp-content\/uploads\/2019\/11\/FI-Home.png","width":400,"height":342,"caption":"Failure Institute Home"},{"@type":"BreadcrumbList","@id":"https:\/\/thefailureinstitute.com\/about-us\/#breadcrumb","itemListElement":[{"@type":"ListItem","position":1,"name":"Home","item":"https:\/\/thefailureinstitute.com\/"},{"@type":"ListItem","position":2,"name":"About Us"}]},{"@type":"WebSite","@id":"https:\/\/thefailureinstitute.com\/#website","url":"https:\/\/thefailureinstitute.com\/","name":"The Failure Institute","description":"We help companies drive culture shift and learn from failure","potentialAction":[{"@type":"SearchAction","target":{"@type":"EntryPoint","urlTemplate":"https:\/\/thefailureinstitute.com\/?s={search_term_string}"},"query-input":{"@type":"PropertyValueSpecification","valueRequired":true,"valueName":"search_term_string"}}],"inLanguage":"es-ES"}]}},"_links":{"self":[{"href":"https:\/\/thefailureinstitute.com\/es\/wp-json\/wp\/v2\/pages\/21360","targetHints":{"allow":["GET"]}}],"collection":[{"href":"https:\/\/thefailureinstitute.com\/es\/wp-json\/wp\/v2\/pages"}],"about":[{"href":"https:\/\/thefailureinstitute.com\/es\/wp-json\/wp\/v2\/types\/page"}],"author":[{"embeddable":true,"href":"https:\/\/thefailureinstitute.com\/es\/wp-json\/wp\/v2\/users\/4"}],"replies":[{"embeddable":true,"href":"https:\/\/thefailureinstitute.com\/es\/wp-json\/wp\/v2\/comments?post=21360"}],"version-history":[{"count":12,"href":"https:\/\/thefailureinstitute.com\/es\/wp-json\/wp\/v2\/pages\/21360\/revisions"}],"predecessor-version":[{"id":27120,"href":"https:\/\/thefailureinstitute.com\/es\/wp-json\/wp\/v2\/pages\/21360\/revisions\/27120"}],"wp:featuredmedia":[{"embeddable":true,"href":"https:\/\/thefailureinstitute.com\/es\/wp-json\/wp\/v2\/media\/16161"}],"wp:attachment":[{"href":"https:\/\/thefailureinstitute.com\/es\/wp-json\/wp\/v2\/media?parent=21360"}],"curies":[{"name":"wp","href":"https:\/\/api.w.org\/{rel}","templated":true}]}}